{"id":3284,"date":"2024-01-04T20:01:00","date_gmt":"2024-01-04T19:01:00","guid":{"rendered":"https:\/\/www.printempsdessonneurs.bzh\/?page_id=3284"},"modified":"2026-01-29T18:40:51","modified_gmt":"2026-01-29T17:40:51","slug":"presentation","status":"publish","type":"page","link":"https:\/\/www.printempsdessonneurs.bzh\/br\/presentation\/","title":{"rendered":"Kinnigadur"},"content":{"rendered":"<div data-elementor-type=\"wp-post\" data-elementor-id=\"3284\" class=\"elementor elementor-3284\">\n\t\t\t\t\t\t<section class=\"elementor-section elementor-top-section elementor-element elementor-element-dbe5005 elementor-section-height-full elementor-section-full_width elementor-section-height-default elementor-section-items-middle\" data-id=\"dbe5005\" data-element_type=\"section\" data-e-type=\"section\" data-settings=\"{&quot;background_background&quot;:&quot;video&quot;,&quot;background_video_link&quot;:&quot;https:\\\/\\\/www.youtube.com\\\/watch?v=Hj_io2k1Yw8&quot;,&quot;background_video_start&quot;:15,&quot;background_video_end&quot;:129,&quot;background_play_on_mobile&quot;:&quot;yes&quot;}\">\n\t\t\t\t\t\t\t\t<div class=\"elementor-background-video-container\">\n\t\t\t\t\t\t\t\t\t\t\t\t\t<div class=\"elementor-background-video-embed\" role=\"presentation\"><\/div>\n\t\t\t\t\t\t\t\t\t\t\t\t<\/div>\n\t\t\t\t\t\t\t\t\t<div class=\"elementor-background-overlay\"><\/div>\n\t\t\t\t\t\t\t<div class=\"elementor-container elementor-column-gap-default\">\n\t\t\t\t\t<div class=\"elementor-column elementor-col-100 elementor-top-column elementor-element elementor-element-d0b112c\" data-id=\"d0b112c\" data-element_type=\"column\" data-e-type=\"column\">\n\t\t\t<div class=\"elementor-widget-wrap elementor-element-populated\">\n\t\t\t\t\t\t<div class=\"elementor-element elementor-element-cc8cb60 elementor-widget elementor-widget-spacer\" data-id=\"cc8cb60\" data-element_type=\"widget\" data-e-type=\"widget\" data-settings=\"{&quot;ekit_we_effect_on&quot;:&quot;none&quot;}\" data-widget_type=\"spacer.default\">\n\t\t\t\t<div class=\"elementor-widget-container\">\n\t\t\t\t\t\t\t<div class=\"elementor-spacer\">\n\t\t\t<div class=\"elementor-spacer-inner\"><\/div>\n\t\t<\/div>\n\t\t\t\t\t\t<\/div>\n\t\t\t\t<\/div>\n\t\t\t\t\t<\/div>\n\t\t<\/div>\n\t\t\t\t\t<\/div>\n\t\t<\/section>\n\t\t\t\t<section class=\"elementor-section elementor-top-section elementor-element elementor-element-d2832ba elementor-section-boxed elementor-section-height-default elementor-section-height-default\" data-id=\"d2832ba\" data-element_type=\"section\" data-e-type=\"section\" data-settings=\"{&quot;background_background&quot;:&quot;classic&quot;}\">\n\t\t\t\t\t\t<div class=\"elementor-container elementor-column-gap-default\">\n\t\t\t\t\t<div class=\"elementor-column elementor-col-100 elementor-top-column elementor-element elementor-element-6081284\" data-id=\"6081284\" data-element_type=\"column\" data-e-type=\"column\">\n\t\t\t<div class=\"elementor-widget-wrap elementor-element-populated\">\n\t\t\t\t\t\t<div class=\"elementor-element elementor-element-f8a3317 elementor-widget elementor-widget-text-editor\" data-id=\"f8a3317\" data-element_type=\"widget\" data-e-type=\"widget\" data-settings=\"{&quot;ekit_we_effect_on&quot;:&quot;none&quot;}\" data-widget_type=\"text-editor.default\">\n\t\t\t\t<div class=\"elementor-widget-container\">\n\t\t\t\t\t\t\t\t\t<p style=\"text-align: center;\">Amzer-nevez ar sonerien Lannuon...<\/p>\t\t\t\t\t\t\t\t<\/div>\n\t\t\t\t<\/div>\n\t\t\t\t<div class=\"elementor-element elementor-element-0913c10 elementor-widget elementor-widget-heading\" data-id=\"0913c10\" data-element_type=\"widget\" data-e-type=\"widget\" data-settings=\"{&quot;ekit_we_effect_on&quot;:&quot;none&quot;}\" data-widget_type=\"heading.default\">\n\t\t\t\t<div class=\"elementor-widget-container\">\n\t\t\t\t\t<h2 class=\"elementor-heading-title elementor-size-default\">Un nebeut titouro\u00f9<\/h2>\t\t\t\t<\/div>\n\t\t\t\t<\/div>\n\t\t\t\t<div class=\"elementor-element elementor-element-9a79880 elementor-widget-divider--separator-type-pattern elementor-widget-divider--view-line elementor-widget elementor-widget-divider\" data-id=\"9a79880\" data-element_type=\"widget\" data-e-type=\"widget\" data-settings=\"{&quot;ekit_we_effect_on&quot;:&quot;none&quot;}\" data-widget_type=\"divider.default\">\n\t\t\t\t<div class=\"elementor-widget-container\">\n\t\t\t\t\t\t\t<div class=\"elementor-divider\" style=\"--divider-pattern-url: url(&quot;data:image\/svg+xml,%3Csvg xmlns=&#039;http:\/\/www.w3.org\/2000\/svg&#039; preserveAspectRatio=&#039;none&#039; overflow=&#039;visible&#039; height=&#039;100%&#039; viewBox=&#039;0 0 20 16&#039; fill=&#039;none&#039; stroke=&#039;black&#039; stroke-width=&#039;1&#039; stroke-linecap=&#039;square&#039; stroke-miterlimit=&#039;10&#039;%3E%3Cg transform=&#039;translate(-12.000000, 0)&#039;%3E%3Cpath d=&#039;M28,0L10,18&#039;\/%3E%3Cpath d=&#039;M18,0L0,18&#039;\/%3E%3Cpath d=&#039;M48,0L30,18&#039;\/%3E%3Cpath d=&#039;M38,0L20,18&#039;\/%3E%3C\/g%3E%3C\/svg%3E&quot;);\">\n\t\t\t<span class=\"elementor-divider-separator\">\n\t\t\t\t\t\t<\/span>\n\t\t<\/div>\n\t\t\t\t\t\t<\/div>\n\t\t\t\t<\/div>\n\t\t\t\t\t<\/div>\n\t\t<\/div>\n\t\t\t\t\t<\/div>\n\t\t<\/section>\n\t\t\t\t<section class=\"elementor-section elementor-top-section elementor-element elementor-element-26c9243 elementor-section-boxed elementor-section-height-default elementor-section-height-default\" data-id=\"26c9243\" data-element_type=\"section\" data-e-type=\"section\">\n\t\t\t\t\t\t<div class=\"elementor-container elementor-column-gap-default\">\n\t\t\t\t\t<div class=\"elementor-column elementor-col-100 elementor-top-column elementor-element elementor-element-aeaea3f\" data-id=\"aeaea3f\" data-element_type=\"column\" data-e-type=\"column\">\n\t\t\t<div class=\"elementor-widget-wrap elementor-element-populated\">\n\t\t\t\t\t\t<div class=\"elementor-element elementor-element-7644619 elementor-widget elementor-widget-text-editor\" data-id=\"7644619\" data-element_type=\"widget\" data-e-type=\"widget\" data-settings=\"{&quot;ekit_we_effect_on&quot;:&quot;none&quot;}\" data-widget_type=\"text-editor.default\">\n\t\t\t\t<div class=\"elementor-widget-container\">\n\t\t\t\t\t\t\t\t\t<p style=\"text-align: center;\">Piv omp ?<\/p>\t\t\t\t\t\t\t\t<\/div>\n\t\t\t\t<\/div>\n\t\t\t\t<div class=\"elementor-element elementor-element-4362511 elementor-widget-tablet__width-initial elementor-widget elementor-widget-text-editor\" data-id=\"4362511\" data-element_type=\"widget\" data-e-type=\"widget\" data-settings=\"{&quot;ekit_we_effect_on&quot;:&quot;none&quot;}\" data-widget_type=\"text-editor.default\">\n\t\t\t\t<div class=\"elementor-widget-container\">\n\t\t\t\t\t\t\t\t\t<p class=\"cvGsUA direction-ltr align-start para-style-body\"><span class=\"OYPEnA text-decoration-none text-strikethrough-none\"><img decoding=\"async\" class=\"alignleft wp-image-3287\" src=\"https:\/\/www.printempsdessonneurs.bzh\/wp-content\/uploads\/2024\/01\/DSC03895-300x200.jpg\" alt=\"\" width=\"250\" height=\"167\" srcset=\"https:\/\/www.printempsdessonneurs.bzh\/wp-content\/uploads\/2024\/01\/DSC03895-300x200.jpg 300w, https:\/\/www.printempsdessonneurs.bzh\/wp-content\/uploads\/2024\/01\/DSC03895-1024x684.jpg 1024w, https:\/\/www.printempsdessonneurs.bzh\/wp-content\/uploads\/2024\/01\/DSC03895-768x513.jpg 768w, https:\/\/www.printempsdessonneurs.bzh\/wp-content\/uploads\/2024\/01\/DSC03895-1536x1026.jpg 1536w, https:\/\/www.printempsdessonneurs.bzh\/wp-content\/uploads\/2024\/01\/DSC03895-18x12.jpg 18w, https:\/\/www.printempsdessonneurs.bzh\/wp-content\/uploads\/2024\/01\/DSC03895.jpg 1600w\" sizes=\"(max-width: 250px) 100vw, 250px\" \/><\/span><\/p><p>Poellgor ar gouel nevez-amzer ar sonerien Lannuon a zo ur gevredigezh bet lakaet da \u00ab vat d'an holl \u00bb, krouet e-kerz miz du 2018.<\/p><p>O welet ne oa darvoud ebet en aodo\u00f9 an arvor da lakaat war-wel sevenadur ar bagado\u00f9, un nebeut danserien.ezed ha sonerien.ezed eus korn bro Lannuon o deus graet an dibab da sevel unan.<\/p><p>Nevez-amzer ar sonerien Brest evit ar penn ar bed hag hini an Oriant evit ar morbihan a zo koulzo\u00f9 kre\u00f1v ar bloavezh evit ar pezh a sell eus ar sevenadur e-barzh an daou zepartamant-se. Ha deuet eo splann deomp e vefe savet hon darvoud e bro-Dreger, bro ma vez gounezet frank ar sevenadur hengounel enni hag e k\u00ear Lannuon evit beza\u00f1 resis.<\/p>\t\t\t\t\t\t\t\t<\/div>\n\t\t\t\t<\/div>\n\t\t\t\t<div class=\"elementor-element elementor-element-07cf5af elementor-widget-divider--separator-type-pattern elementor-widget-divider--view-line elementor-widget elementor-widget-divider\" data-id=\"07cf5af\" data-element_type=\"widget\" data-e-type=\"widget\" data-settings=\"{&quot;ekit_we_effect_on&quot;:&quot;none&quot;}\" data-widget_type=\"divider.default\">\n\t\t\t\t<div class=\"elementor-widget-container\">\n\t\t\t\t\t\t\t<div class=\"elementor-divider\" style=\"--divider-pattern-url: url(&quot;data:image\/svg+xml,%3Csvg xmlns=&#039;http:\/\/www.w3.org\/2000\/svg&#039; preserveAspectRatio=&#039;none&#039; overflow=&#039;visible&#039; height=&#039;100%&#039; viewBox=&#039;0 0 20 16&#039; fill=&#039;none&#039; stroke=&#039;black&#039; stroke-width=&#039;1&#039; stroke-linecap=&#039;square&#039; stroke-miterlimit=&#039;10&#039;%3E%3Cg transform=&#039;translate(-12.000000, 0)&#039;%3E%3Cpath d=&#039;M28,0L10,18&#039;\/%3E%3Cpath d=&#039;M18,0L0,18&#039;\/%3E%3Cpath d=&#039;M48,0L30,18&#039;\/%3E%3Cpath d=&#039;M38,0L20,18&#039;\/%3E%3C\/g%3E%3C\/svg%3E&quot;);\">\n\t\t\t<span class=\"elementor-divider-separator\">\n\t\t\t\t\t\t<\/span>\n\t\t<\/div>\n\t\t\t\t\t\t<\/div>\n\t\t\t\t<\/div>\n\t\t\t\t<div class=\"elementor-element elementor-element-e6d5961 elementor-widget elementor-widget-text-editor\" data-id=\"e6d5961\" data-element_type=\"widget\" data-e-type=\"widget\" data-settings=\"{&quot;ekit_we_effect_on&quot;:&quot;none&quot;}\" data-widget_type=\"text-editor.default\">\n\t\t\t\t<div class=\"elementor-widget-container\">\n\t\t\t\t\t\t\t\t\t<p style=\"text-align: center;\">Petra hon eus graet beteg hen ?<\/p>\t\t\t\t\t\t\t\t<\/div>\n\t\t\t\t<\/div>\n\t\t\t\t<div class=\"elementor-element elementor-element-083b342 elementor-widget elementor-widget-text-editor\" data-id=\"083b342\" data-element_type=\"widget\" data-e-type=\"widget\" data-settings=\"{&quot;ekit_we_effect_on&quot;:&quot;none&quot;}\" data-widget_type=\"text-editor.default\">\n\t\t\t\t<div class=\"elementor-widget-container\">\n\t\t\t\t\t\t\t\t\t<p class=\"cvGsUA direction-ltr align-justify para-style-body\"><span class=\"OYPEnA text-decoration-none text-strikethrough-none\"><img decoding=\"async\" class=\"alignright wp-image-3286\" src=\"https:\/\/www.printempsdessonneurs.bzh\/wp-content\/uploads\/2024\/01\/DSC03464-300x200.jpg\" alt=\"\" width=\"250\" height=\"167\" srcset=\"https:\/\/www.printempsdessonneurs.bzh\/wp-content\/uploads\/2024\/01\/DSC03464-300x200.jpg 300w, https:\/\/www.printempsdessonneurs.bzh\/wp-content\/uploads\/2024\/01\/DSC03464-1024x684.jpg 1024w, https:\/\/www.printempsdessonneurs.bzh\/wp-content\/uploads\/2024\/01\/DSC03464-768x513.jpg 768w, https:\/\/www.printempsdessonneurs.bzh\/wp-content\/uploads\/2024\/01\/DSC03464-1536x1026.jpg 1536w, https:\/\/www.printempsdessonneurs.bzh\/wp-content\/uploads\/2024\/01\/DSC03464-18x12.jpg 18w, https:\/\/www.printempsdessonneurs.bzh\/wp-content\/uploads\/2024\/01\/DSC03464.jpg 1600w\" sizes=\"(max-width: 250px) 100vw, 250px\" \/><\/span><\/p><p>An daou zarvoud kenta\u00f1 eus nevez-amzer ar sonerien Lannuon, dalc'het d'ar 16 a viz even 2019 ha d'an 22 a viz mae 2022, zo bet degemeret mat gant an arvesterien, ha daoust d'an amzer fall e 2022, tro-dro 5000 den oa deuet da arvesti\u00f1 laouen ha dibres ar bagado\u00f9 ha kelc'hio\u00f9 deuet da dibuna\u00f1 er straedo\u00f9.<\/p><p>An trede darvoud, d'an 20 ha 21 a viz mae 2023 oa un tamm dishe\u00f1vel eus ar re all abalamour dezhi beza\u00f1 bet dalc'het dindan daou devezh. Bagad Brieg hag ar strollad les sonj\u00e9v\u00e9y\u00e9s, o deus c'hwezhet tan, ha n'eo ket un dro-lavar, gant o arvest ar roue, sonerezh hag arzo\u00f9 tan, d'ar sadorn noz. Bagad Kemper, bagad a vill maout dezha\u00f1, en deus lakaet ar straedo\u00f9 da grenna\u00f1 antronoz gant ar strollado\u00f9 ha kelc'hio\u00f9 all.<\/p><p>Dre-holl un 10 000 den bennaket zo deuet e-kerzh an dibenn-sizhun da gemer perzh d'an darvoud dindan un amzer gaer-meurbet.<\/p>\t\t\t\t\t\t\t\t<\/div>\n\t\t\t\t<\/div>\n\t\t\t\t\t<\/div>\n\t\t<\/div>\n\t\t\t\t\t<\/div>\n\t\t<\/section>\n\t\t\t\t<\/div>","protected":false},"excerpt":{"rendered":"<p>Le Printemps des sonneurs de Lannion&#8230; Quelques informations ! Qui sommes-nous ? Le comit\u00e9 du festival \u201cPrintemps des sonneurs de Lannion\u201d est une association reconnue d&rsquo;int\u00e9r\u00eat g\u00e9n\u00e9ral, cr\u00e9\u00e9e en novembre 2018. Partant du constat que les C\u00f4tes d&rsquo;Armor ne b\u00e9n\u00e9ficiaient pas d&rsquo;\u00e9v\u00e9nement mettant en valeur la culture des bagado\u00f9, quelques sonneurs, sonneuses, danseurs et danseuses [&hellip;]<\/p>\n","protected":false},"author":2,"featured_media":0,"parent":0,"menu_order":0,"comment_status":"closed","ping_status":"closed","template":"template\/homepage-template.php","meta":{"footnotes":""},"class_list":["post-3284","page","type-page","status-publish","hentry"],"_links":{"self":[{"href":"https:\/\/www.printempsdessonneurs.bzh\/br\/wp-json\/wp\/v2\/pages\/3284","targetHints":{"allow":["GET"]}}],"collection":[{"href":"https:\/\/www.printempsdessonneurs.bzh\/br\/wp-json\/wp\/v2\/pages"}],"about":[{"href":"https:\/\/www.printempsdessonneurs.bzh\/br\/wp-json\/wp\/v2\/types\/page"}],"author":[{"embeddable":true,"href":"https:\/\/www.printempsdessonneurs.bzh\/br\/wp-json\/wp\/v2\/users\/2"}],"replies":[{"embeddable":true,"href":"https:\/\/www.printempsdessonneurs.bzh\/br\/wp-json\/wp\/v2\/comments?post=3284"}],"version-history":[{"count":31,"href":"https:\/\/www.printempsdessonneurs.bzh\/br\/wp-json\/wp\/v2\/pages\/3284\/revisions"}],"predecessor-version":[{"id":3758,"href":"https:\/\/www.printempsdessonneurs.bzh\/br\/wp-json\/wp\/v2\/pages\/3284\/revisions\/3758"}],"wp:attachment":[{"href":"https:\/\/www.printempsdessonneurs.bzh\/br\/wp-json\/wp\/v2\/media?parent=3284"}],"curies":[{"name":"wp","href":"https:\/\/api.w.org\/{rel}","templated":true}]}}